{"id":144,"date":"2018-06-05T17:37:09","date_gmt":"2018-06-05T17:37:09","guid":{"rendered":"http:\/\/test.xn--mlitobelchroser-zvb.ch\/?page_id=144"},"modified":"2024-09-22T16:01:18","modified_gmt":"2024-09-22T14:01:18","slug":"vorstand","status":"publish","type":"page","link":"https:\/\/www.xn--mlitobelchroser-zvb.ch\/index.php\/mitglieder\/vorstand\/","title":{"rendered":"Vorstand"},"content":{"rendered":"\t\t<div data-elementor-type=\"wp-post\" data-elementor-id=\"144\" class=\"elementor elementor-144\">\n\t\t\t\t\t\t<section class=\"elementor-section elementor-top-section elementor-element elementor-element-c702834 elementor-section-boxed elementor-section-height-default elementor-section-height-default\" data-id=\"c702834\" data-element_type=\"section\">\n\t\t\t\t\t\t<div class=\"elementor-container elementor-column-gap-default\">\n\t\t\t\t\t<div class=\"elementor-column elementor-col-100 elementor-top-column elementor-element elementor-element-829d973\" data-id=\"829d973\" data-element_type=\"column\">\n\t\t\t<div class=\"elementor-widget-wrap\">\n\t\t\t\t\t\t\t<\/div>\n\t\t<\/div>\n\t\t\t\t\t<\/div>\n\t\t<\/section>\n\t\t\t\t<section class=\"elementor-section elementor-top-section elementor-element elementor-element-4de437f elementor-section-boxed elementor-section-height-default elementor-section-height-default\" data-id=\"4de437f\" data-element_type=\"section\">\n\t\t\t\t\t\t<div class=\"elementor-container elementor-column-gap-default\">\n\t\t\t\t\t<div class=\"elementor-column elementor-col-50 elementor-top-column elementor-element elementor-element-f56cca0\" data-id=\"f56cca0\" data-element_type=\"column\">\n\t\t\t<div class=\"elementor-widget-wrap elementor-element-populated\">\n\t\t\t\t\t\t<div class=\"elementor-element elementor-element-2225060 elementor-widget__width-initial elementor-widget elementor-widget-image\" data-id=\"2225060\" data-element_type=\"widget\" data-widget_type=\"image.default\">\n\t\t\t\t<div class=\"elementor-widget-container\">\n\t\t\t\t\t\t\t\t\t\t\t\t\t\t\t<img decoding=\"async\" src=\"https:\/\/www.xn--mlitobelchroser-zvb.ch\/wp-content\/uploads\/2022\/12\/IMG_4890-scaled.jpg\" title=\"IMG_4890\" alt=\"IMG_4890\" loading=\"lazy\" \/>\t\t\t\t\t\t\t\t\t\t\t\t\t\t\t<\/div>\n\t\t\t\t<\/div>\n\t\t\t\t<div class=\"elementor-element elementor-element-3266f2e elementor-widget elementor-widget-text-editor\" data-id=\"3266f2e\" data-element_type=\"widget\" data-widget_type=\"text-editor.default\">\n\t\t\t\t<div class=\"elementor-widget-container\">\n\t\t\t\t\t\t\t\t\t<p style=\"text-align: center;\"><b>Tanja Wyss<\/b><\/p><p style=\"text-align: center;\">Pr\u00e4sidentin<\/p>\t\t\t\t\t\t\t\t<\/div>\n\t\t\t\t<\/div>\n\t\t\t\t\t<\/div>\n\t\t<\/div>\n\t\t\t\t<div class=\"elementor-column elementor-col-50 elementor-top-column elementor-element elementor-element-49095b4\" data-id=\"49095b4\" data-element_type=\"column\">\n\t\t\t<div class=\"elementor-widget-wrap elementor-element-populated\">\n\t\t\t\t\t\t<div class=\"elementor-element elementor-element-534601a elementor-widget elementor-widget-image\" data-id=\"534601a\" data-element_type=\"widget\" data-widget_type=\"image.default\">\n\t\t\t\t<div class=\"elementor-widget-container\">\n\t\t\t\t\t\t\t\t\t\t\t\t\t\t\t<img decoding=\"async\" src=\"https:\/\/www.xn--mlitobelchroser-zvb.ch\/wp-content\/uploads\/2024\/04\/20240218-kirche-richterswil-guggenmusik-172jpg_53547538139_o-2-scaled.jpg\" title=\"20240218-kirche-richterswil-guggenmusik-172jpg_53547538139_o\" alt=\"20240218-kirche-richterswil-guggenmusik-172jpg_53547538139_o\" loading=\"lazy\" \/>\t\t\t\t\t\t\t\t\t\t\t\t\t\t\t<\/div>\n\t\t\t\t<\/div>\n\t\t\t\t<div class=\"elementor-element elementor-element-414553d elementor-widget elementor-widget-text-editor\" data-id=\"414553d\" data-element_type=\"widget\" data-widget_type=\"text-editor.default\">\n\t\t\t\t<div class=\"elementor-widget-container\">\n\t\t\t\t\t\t\t\t\t<p style=\"text-align: center;\"><b>Corina Christen<\/b><\/p><p style=\"text-align: center;\">Vize-Pr\u00e4sidentin<\/p>\t\t\t\t\t\t\t\t<\/div>\n\t\t\t\t<\/div>\n\t\t\t\t\t<\/div>\n\t\t<\/div>\n\t\t\t\t\t<\/div>\n\t\t<\/section>\n\t\t\t\t<section class=\"elementor-section elementor-top-section elementor-element elementor-element-65732c5 elementor-section-boxed elementor-section-height-default elementor-section-height-default\" data-id=\"65732c5\" data-element_type=\"section\">\n\t\t\t\t\t\t<div class=\"elementor-container elementor-column-gap-default\">\n\t\t\t\t\t<div class=\"elementor-column elementor-col-50 elementor-top-column elementor-element elementor-element-a2da6e5\" data-id=\"a2da6e5\" data-element_type=\"column\">\n\t\t\t<div class=\"elementor-widget-wrap elementor-element-populated\">\n\t\t\t\t\t\t<div class=\"elementor-element elementor-element-291ad6c elementor-widget elementor-widget-image\" data-id=\"291ad6c\" data-element_type=\"widget\" data-widget_type=\"image.default\">\n\t\t\t\t<div class=\"elementor-widget-container\">\n\t\t\t\t\t\t\t\t\t\t\t\t\t\t\t<img decoding=\"async\" src=\"https:\/\/www.xn--mlitobelchroser-zvb.ch\/wp-content\/uploads\/2024\/04\/20240218-kirche-richterswil-guggenmusik-174jpg_53546332942_o-1-scaled.jpg\" title=\"20240218-kirche-richterswil-guggenmusik-174jpg_53546332942_o\" alt=\"20240218-kirche-richterswil-guggenmusik-174jpg_53546332942_o\" loading=\"lazy\" \/>\t\t\t\t\t\t\t\t\t\t\t\t\t\t\t<\/div>\n\t\t\t\t<\/div>\n\t\t\t\t<div class=\"elementor-element elementor-element-23b2ca4 elementor-widget elementor-widget-text-editor\" data-id=\"23b2ca4\" data-element_type=\"widget\" data-widget_type=\"text-editor.default\">\n\t\t\t\t<div class=\"elementor-widget-container\">\n\t\t\t\t\t\t\t\t\t<p style=\"text-align: center;\"><strong>Toni Ronner<\/strong><\/p><p style=\"text-align: center;\">Kassier<\/p>\t\t\t\t\t\t\t\t<\/div>\n\t\t\t\t<\/div>\n\t\t\t\t\t<\/div>\n\t\t<\/div>\n\t\t\t\t<div class=\"elementor-column elementor-col-50 elementor-top-column elementor-element elementor-element-d70b085\" data-id=\"d70b085\" data-element_type=\"column\">\n\t\t\t<div class=\"elementor-widget-wrap elementor-element-populated\">\n\t\t\t\t\t\t<div class=\"elementor-element elementor-element-14b8e41 elementor-widget elementor-widget-image\" data-id=\"14b8e41\" data-element_type=\"widget\" data-widget_type=\"image.default\">\n\t\t\t\t<div class=\"elementor-widget-container\">\n\t\t\t\t\t\t\t\t\t\t\t\t\t\t\t<img decoding=\"async\" src=\"https:\/\/www.xn--mlitobelchroser-zvb.ch\/wp-content\/uploads\/2022\/12\/IMG_4902-scaled.jpg\" title=\"IMG_4902\" alt=\"IMG_4902\" loading=\"lazy\" \/>\t\t\t\t\t\t\t\t\t\t\t\t\t\t\t<\/div>\n\t\t\t\t<\/div>\n\t\t\t\t<div class=\"elementor-element elementor-element-95ee610 elementor-widget elementor-widget-text-editor\" data-id=\"95ee610\" data-element_type=\"widget\" data-widget_type=\"text-editor.default\">\n\t\t\t\t<div class=\"elementor-widget-container\">\n\t\t\t\t\t\t\t\t\t<p style=\"text-align: center;\"><b>Mirjam Christen<\/b><\/p><p style=\"text-align: center;\">Aktuarin<\/p>\t\t\t\t\t\t\t\t<\/div>\n\t\t\t\t<\/div>\n\t\t\t\t\t<\/div>\n\t\t<\/div>\n\t\t\t\t\t<\/div>\n\t\t<\/section>\n\t\t\t\t<section class=\"elementor-section elementor-top-section elementor-element elementor-element-82a663a elementor-section-boxed elementor-section-height-default elementor-section-height-default\" data-id=\"82a663a\" data-element_type=\"section\">\n\t\t\t\t\t\t<div class=\"elementor-container elementor-column-gap-default\">\n\t\t\t\t\t<div class=\"elementor-column elementor-col-100 elementor-top-column elementor-element elementor-element-5aa1aa7\" data-id=\"5aa1aa7\" data-element_type=\"column\">\n\t\t\t<div class=\"elementor-widget-wrap elementor-element-populated\">\n\t\t\t\t\t\t<div class=\"elementor-element elementor-element-b76d3d0 elementor-widget elementor-widget-image\" data-id=\"b76d3d0\" data-element_type=\"widget\" data-widget_type=\"image.default\">\n\t\t\t\t<div class=\"elementor-widget-container\">\n\t\t\t\t\t\t\t\t\t\t\t\t\t\t\t<img decoding=\"async\" src=\"https:\/\/www.xn--mlitobelchroser-zvb.ch\/wp-content\/uploads\/2024\/04\/20240218-kirche-richterswil-guggenmusik-171jpg_53547538854_o-scaled.jpg\" title=\"20240218-kirche-richterswil-guggenmusik-171jpg_53547538854_o\" alt=\"20240218-kirche-richterswil-guggenmusik-171jpg_53547538854_o\" loading=\"lazy\" \/>\t\t\t\t\t\t\t\t\t\t\t\t\t\t\t<\/div>\n\t\t\t\t<\/div>\n\t\t\t\t<div class=\"elementor-element elementor-element-a420964 elementor-widget elementor-widget-text-editor\" data-id=\"a420964\" data-element_type=\"widget\" data-widget_type=\"text-editor.default\">\n\t\t\t\t<div class=\"elementor-widget-container\">\n\t\t\t\t\t\t\t\t\t<p style=\"text-align: center;\"><b>Christian Scherrer<\/b><\/p><p style=\"text-align: center;\">Beisitzer<\/p>\t\t\t\t\t\t\t\t<\/div>\n\t\t\t\t<\/div>\n\t\t\t\t\t<\/div>\n\t\t<\/div>\n\t\t\t\t\t<\/div>\n\t\t<\/section>\n\t\t\t\t<\/div>\n\t\t","protected":false},"excerpt":{"rendered":"<p>Tanja Wyss Pr\u00e4sidentin Corina Christen Vize-Pr\u00e4sidentin Toni Ronner Kassier Mirjam Christen Aktuarin Christian Scherrer Beisitzer<\/p>\n","protected":false},"author":1,"featured_media":0,"parent":18,"menu_order":0,"comment_status":"closed","ping_status":"closed","template":"templates\/page-fullwidth_template.php","meta":{"ngg_post_thumbnail":0,"footnotes":""},"class_list":["post-144","page","type-page","status-publish","hentry"],"yoast_head":"<!-- This site is optimized with the Yoast SEO plugin v23.4 - https:\/\/yoast.com\/wordpress\/plugins\/seo\/ -->\n<title>Vorstand - M\u00fclitobelchroser<\/title>\n<meta name=\"robots\" content=\"index, follow, max-snippet:-1, max-image-preview:large, max-video-preview:-1\" \/>\n<link rel=\"canonical\" href=\"https:\/\/www.xn--mlitobelchroser-zvb.ch\/index.php\/mitglieder\/vorstand\/\" \/>\n<meta property=\"og:locale\" content=\"de_DE\" \/>\n<meta property=\"og:type\" content=\"article\" \/>\n<meta property=\"og:title\" content=\"Vorstand - M\u00fclitobelchroser\" \/>\n<meta property=\"og:description\" content=\"Tanja Wyss Pr\u00e4sidentin Corina Christen Vize-Pr\u00e4sidentin Toni Ronner Kassier Mirjam Christen Aktuarin Christian Scherrer Beisitzer\" \/>\n<meta property=\"og:url\" content=\"https:\/\/www.xn--mlitobelchroser-zvb.ch\/index.php\/mitglieder\/vorstand\/\" \/>\n<meta property=\"og:site_name\" content=\"M\u00fclitobelchroser\" \/>\n<meta property=\"article:modified_time\" content=\"2024-09-22T14:01:18+00:00\" \/>\n<meta property=\"og:image\" content=\"http:\/\/www.xn--mlitobelchroser-zvb.ch\/wp-content\/uploads\/elementor\/thumbs\/IMG_4890-scaled-pzvwmvxq710i65dt8zgn3yyrhwja0x8vm269spe5rs.jpg\" \/>\n<meta name=\"twitter:card\" content=\"summary_large_image\" \/>\n<meta name=\"twitter:label1\" content=\"Gesch\u00e4tzte Lesezeit\" \/>\n\t<meta name=\"twitter:data1\" content=\"2\u00a0Minuten\" \/>\n<script type=\"application\/ld+json\" class=\"yoast-schema-graph\">{\"@context\":\"https:\/\/schema.org\",\"@graph\":[{\"@type\":\"WebPage\",\"@id\":\"https:\/\/www.xn--mlitobelchroser-zvb.ch\/index.php\/mitglieder\/vorstand\/\",\"url\":\"https:\/\/www.xn--mlitobelchroser-zvb.ch\/index.php\/mitglieder\/vorstand\/\",\"name\":\"Vorstand - M\u00fclitobelchroser\",\"isPartOf\":{\"@id\":\"https:\/\/www.xn--mlitobelchroser-zvb.ch\/#website\"},\"primaryImageOfPage\":{\"@id\":\"https:\/\/www.xn--mlitobelchroser-zvb.ch\/index.php\/mitglieder\/vorstand\/#primaryimage\"},\"image\":{\"@id\":\"https:\/\/www.xn--mlitobelchroser-zvb.ch\/index.php\/mitglieder\/vorstand\/#primaryimage\"},\"thumbnailUrl\":\"http:\/\/www.xn--mlitobelchroser-zvb.ch\/wp-content\/uploads\/elementor\/thumbs\/IMG_4890-scaled-pzvwmvxq710i65dt8zgn3yyrhwja0x8vm269spe5rs.jpg\",\"datePublished\":\"2018-06-05T17:37:09+00:00\",\"dateModified\":\"2024-09-22T14:01:18+00:00\",\"breadcrumb\":{\"@id\":\"https:\/\/www.xn--mlitobelchroser-zvb.ch\/index.php\/mitglieder\/vorstand\/#breadcrumb\"},\"inLanguage\":\"de\",\"potentialAction\":[{\"@type\":\"ReadAction\",\"target\":[\"https:\/\/www.xn--mlitobelchroser-zvb.ch\/index.php\/mitglieder\/vorstand\/\"]}]},{\"@type\":\"ImageObject\",\"inLanguage\":\"de\",\"@id\":\"https:\/\/www.xn--mlitobelchroser-zvb.ch\/index.php\/mitglieder\/vorstand\/#primaryimage\",\"url\":\"http:\/\/www.xn--mlitobelchroser-zvb.ch\/wp-content\/uploads\/elementor\/thumbs\/IMG_4890-scaled-pzvwmvxq710i65dt8zgn3yyrhwja0x8vm269spe5rs.jpg\",\"contentUrl\":\"http:\/\/www.xn--mlitobelchroser-zvb.ch\/wp-content\/uploads\/elementor\/thumbs\/IMG_4890-scaled-pzvwmvxq710i65dt8zgn3yyrhwja0x8vm269spe5rs.jpg\"},{\"@type\":\"BreadcrumbList\",\"@id\":\"https:\/\/www.xn--mlitobelchroser-zvb.ch\/index.php\/mitglieder\/vorstand\/#breadcrumb\",\"itemListElement\":[{\"@type\":\"ListItem\",\"position\":1,\"name\":\"Startseite\",\"item\":\"https:\/\/www.xn--mlitobelchroser-zvb.ch\/\"},{\"@type\":\"ListItem\",\"position\":2,\"name\":\"Mitglieder\",\"item\":\"https:\/\/www.xn--mlitobelchroser-zvb.ch\/index.php\/mitglieder\/\"},{\"@type\":\"ListItem\",\"position\":3,\"name\":\"Vorstand\"}]},{\"@type\":\"WebSite\",\"@id\":\"https:\/\/www.xn--mlitobelchroser-zvb.ch\/#website\",\"url\":\"https:\/\/www.xn--mlitobelchroser-zvb.ch\/\",\"name\":\"M\u00fclitobelchroser\",\"description\":\"\",\"publisher\":{\"@id\":\"https:\/\/www.xn--mlitobelchroser-zvb.ch\/#organization\"},\"potentialAction\":[{\"@type\":\"SearchAction\",\"target\":{\"@type\":\"EntryPoint\",\"urlTemplate\":\"https:\/\/www.xn--mlitobelchroser-zvb.ch\/?s={search_term_string}\"},\"query-input\":{\"@type\":\"PropertyValueSpecification\",\"valueRequired\":true,\"valueName\":\"search_term_string\"}}],\"inLanguage\":\"de\"},{\"@type\":\"Organization\",\"@id\":\"https:\/\/www.xn--mlitobelchroser-zvb.ch\/#organization\",\"name\":\"M\u00fclitobelchroser\",\"url\":\"https:\/\/www.xn--mlitobelchroser-zvb.ch\/\",\"logo\":{\"@type\":\"ImageObject\",\"inLanguage\":\"de\",\"@id\":\"https:\/\/www.xn--mlitobelchroser-zvb.ch\/#\/schema\/logo\/image\/\",\"url\":\"https:\/\/www.xn--mlitobelchroser-zvb.ch\/wp-content\/uploads\/2018\/07\/Logo-weiss-rund.gif\",\"contentUrl\":\"https:\/\/www.xn--mlitobelchroser-zvb.ch\/wp-content\/uploads\/2018\/07\/Logo-weiss-rund.gif\",\"width\":368,\"height\":355,\"caption\":\"M\u00fclitobelchroser\"},\"image\":{\"@id\":\"https:\/\/www.xn--mlitobelchroser-zvb.ch\/#\/schema\/logo\/image\/\"}}]}<\/script>\n<!-- \/ Yoast SEO plugin. -->","yoast_head_json":{"title":"Vorstand - M\u00fclitobelchroser","robots":{"index":"index","follow":"follow","max-snippet":"max-snippet:-1","max-image-preview":"max-image-preview:large","max-video-preview":"max-video-preview:-1"},"canonical":"https:\/\/www.xn--mlitobelchroser-zvb.ch\/index.php\/mitglieder\/vorstand\/","og_locale":"de_DE","og_type":"article","og_title":"Vorstand - M\u00fclitobelchroser","og_description":"Tanja Wyss Pr\u00e4sidentin Corina Christen Vize-Pr\u00e4sidentin Toni Ronner Kassier Mirjam Christen Aktuarin Christian Scherrer Beisitzer","og_url":"https:\/\/www.xn--mlitobelchroser-zvb.ch\/index.php\/mitglieder\/vorstand\/","og_site_name":"M\u00fclitobelchroser","article_modified_time":"2024-09-22T14:01:18+00:00","og_image":[{"url":"http:\/\/www.xn--mlitobelchroser-zvb.ch\/wp-content\/uploads\/elementor\/thumbs\/IMG_4890-scaled-pzvwmvxq710i65dt8zgn3yyrhwja0x8vm269spe5rs.jpg"}],"twitter_card":"summary_large_image","twitter_misc":{"Gesch\u00e4tzte Lesezeit":"2\u00a0Minuten"},"schema":{"@context":"https:\/\/schema.org","@graph":[{"@type":"WebPage","@id":"https:\/\/www.xn--mlitobelchroser-zvb.ch\/index.php\/mitglieder\/vorstand\/","url":"https:\/\/www.xn--mlitobelchroser-zvb.ch\/index.php\/mitglieder\/vorstand\/","name":"Vorstand - M\u00fclitobelchroser","isPartOf":{"@id":"https:\/\/www.xn--mlitobelchroser-zvb.ch\/#website"},"primaryImageOfPage":{"@id":"https:\/\/www.xn--mlitobelchroser-zvb.ch\/index.php\/mitglieder\/vorstand\/#primaryimage"},"image":{"@id":"https:\/\/www.xn--mlitobelchroser-zvb.ch\/index.php\/mitglieder\/vorstand\/#primaryimage"},"thumbnailUrl":"http:\/\/www.xn--mlitobelchroser-zvb.ch\/wp-content\/uploads\/elementor\/thumbs\/IMG_4890-scaled-pzvwmvxq710i65dt8zgn3yyrhwja0x8vm269spe5rs.jpg","datePublished":"2018-06-05T17:37:09+00:00","dateModified":"2024-09-22T14:01:18+00:00","breadcrumb":{"@id":"https:\/\/www.xn--mlitobelchroser-zvb.ch\/index.php\/mitglieder\/vorstand\/#breadcrumb"},"inLanguage":"de","potentialAction":[{"@type":"ReadAction","target":["https:\/\/www.xn--mlitobelchroser-zvb.ch\/index.php\/mitglieder\/vorstand\/"]}]},{"@type":"ImageObject","inLanguage":"de","@id":"https:\/\/www.xn--mlitobelchroser-zvb.ch\/index.php\/mitglieder\/vorstand\/#primaryimage","url":"http:\/\/www.xn--mlitobelchroser-zvb.ch\/wp-content\/uploads\/elementor\/thumbs\/IMG_4890-scaled-pzvwmvxq710i65dt8zgn3yyrhwja0x8vm269spe5rs.jpg","contentUrl":"http:\/\/www.xn--mlitobelchroser-zvb.ch\/wp-content\/uploads\/elementor\/thumbs\/IMG_4890-scaled-pzvwmvxq710i65dt8zgn3yyrhwja0x8vm269spe5rs.jpg"},{"@type":"BreadcrumbList","@id":"https:\/\/www.xn--mlitobelchroser-zvb.ch\/index.php\/mitglieder\/vorstand\/#breadcrumb","itemListElement":[{"@type":"ListItem","position":1,"name":"Startseite","item":"https:\/\/www.xn--mlitobelchroser-zvb.ch\/"},{"@type":"ListItem","position":2,"name":"Mitglieder","item":"https:\/\/www.xn--mlitobelchroser-zvb.ch\/index.php\/mitglieder\/"},{"@type":"ListItem","position":3,"name":"Vorstand"}]},{"@type":"WebSite","@id":"https:\/\/www.xn--mlitobelchroser-zvb.ch\/#website","url":"https:\/\/www.xn--mlitobelchroser-zvb.ch\/","name":"M\u00fclitobelchroser","description":"","publisher":{"@id":"https:\/\/www.xn--mlitobelchroser-zvb.ch\/#organization"},"potentialAction":[{"@type":"SearchAction","target":{"@type":"EntryPoint","urlTemplate":"https:\/\/www.xn--mlitobelchroser-zvb.ch\/?s={search_term_string}"},"query-input":{"@type":"PropertyValueSpecification","valueRequired":true,"valueName":"search_term_string"}}],"inLanguage":"de"},{"@type":"Organization","@id":"https:\/\/www.xn--mlitobelchroser-zvb.ch\/#organization","name":"M\u00fclitobelchroser","url":"https:\/\/www.xn--mlitobelchroser-zvb.ch\/","logo":{"@type":"ImageObject","inLanguage":"de","@id":"https:\/\/www.xn--mlitobelchroser-zvb.ch\/#\/schema\/logo\/image\/","url":"https:\/\/www.xn--mlitobelchroser-zvb.ch\/wp-content\/uploads\/2018\/07\/Logo-weiss-rund.gif","contentUrl":"https:\/\/www.xn--mlitobelchroser-zvb.ch\/wp-content\/uploads\/2018\/07\/Logo-weiss-rund.gif","width":368,"height":355,"caption":"M\u00fclitobelchroser"},"image":{"@id":"https:\/\/www.xn--mlitobelchroser-zvb.ch\/#\/schema\/logo\/image\/"}}]}},"_links":{"self":[{"href":"https:\/\/www.xn--mlitobelchroser-zvb.ch\/index.php\/wp-json\/wp\/v2\/pages\/144"}],"collection":[{"href":"https:\/\/www.xn--mlitobelchroser-zvb.ch\/index.php\/wp-json\/wp\/v2\/pages"}],"about":[{"href":"https:\/\/www.xn--mlitobelchroser-zvb.ch\/index.php\/wp-json\/wp\/v2\/types\/page"}],"author":[{"embeddable":true,"href":"https:\/\/www.xn--mlitobelchroser-zvb.ch\/index.php\/wp-json\/wp\/v2\/users\/1"}],"replies":[{"embeddable":true,"href":"https:\/\/www.xn--mlitobelchroser-zvb.ch\/index.php\/wp-json\/wp\/v2\/comments?post=144"}],"version-history":[{"count":92,"href":"https:\/\/www.xn--mlitobelchroser-zvb.ch\/index.php\/wp-json\/wp\/v2\/pages\/144\/revisions"}],"predecessor-version":[{"id":1142,"href":"https:\/\/www.xn--mlitobelchroser-zvb.ch\/index.php\/wp-json\/wp\/v2\/pages\/144\/revisions\/1142"}],"up":[{"embeddable":true,"href":"https:\/\/www.xn--mlitobelchroser-zvb.ch\/index.php\/wp-json\/wp\/v2\/pages\/18"}],"wp:attachment":[{"href":"https:\/\/www.xn--mlitobelchroser-zvb.ch\/index.php\/wp-json\/wp\/v2\/media?parent=144"}],"curies":[{"name":"wp","href":"https:\/\/api.w.org\/{rel}","templated":true}]}}